{"id":2546,"date":"2023-11-16T17:06:20","date_gmt":"2023-11-16T20:06:20","guid":{"rendered":"https:\/\/trebolense.com.ar\/torneoestrellas\/?page_id=2546"},"modified":"2023-11-16T18:24:38","modified_gmt":"2023-11-16T21:24:38","slug":"info","status":"publish","type":"page","link":"https:\/\/trebolense.com.ar\/torneoestrellas\/info\/","title":{"rendered":"Info"},"content":{"rendered":"<p>[tdc_zone type=\u00bbtdc_content\u00bb][vc_row row_bg_gradient=\u00bbeyJ0eXBlIjoiZ3JhZGllbnQiLCJjb2xvcjEiOiIjMDA5N2Q2IiwiY29sb3IyIjoiIzAwNzliZiIsIm1peGVkQ29sb3JzIjpbXSwiY3NzIjoiYmFja2dyb3VuZDogLXdlYmtpdC1saW5lYXItZ3JhZGllbnQoMGRlZywjMDA3OWJmLCMwMDk3ZDYpO2JhY2tncm91bmQ6IGxpbmVhci1ncmFkaWVudCgwZGVnLCMwMDc5YmYsIzAwOTdkNik7IiwiY3NzUGFyYW1zIjoiMGRlZywjMDA3OWJmLCMwMDk3ZDYifQ==\u00bb full_width=\u00bbstretch_row\u00bb row_full_height=\u00bbyes\u00bb content_align_vertical=\u00bbcontent-vert-top\u00bb tdc_css=\u00bbeyJhbGwiOnsicGFkZGluZy10b3AiOiIxZW0iLCJwYWRkaW5nLWJvdHRvbSI6IjFlbSIsImRpc3BsYXkiOiIifSwicGhvbmUiOnsicGFkZGluZy10b3AiOiIwIiwicGFkZGluZy1ib3R0b20iOiIwIiwiZGlzcGxheSI6IiJ9LCJwaG9uZV9tYXhfd2lkdGgiOjc2N30=\u00bb][vc_column width=\u00bb1\/2&#8243; is_sticky=\u00bbyes\u00bb][tdm_block_inline_image image=\u00bb2485&#8243; media_size_image_height=\u00bb1336&#8243; media_size_image_width=\u00bb1064&#8243; shadow_shadow_size=\u00bb15&#8243; shadow_shadow_color=\u00bbrgba(0,0,0,0.5)\u00bb tdc_css=\u00bbeyJwaG9uZSI6eyJtYXJnaW4tcmlnaHQiOiItMjAiLCJtYXJnaW4tbGVmdCI6Ii0yMCIsImRpc3BsYXkiOiIifSwicGhvbmVfbWF4X3dpZHRoIjo3Njd9&#8243;][\/vc_column][vc_column width=\u00bb1\/2&#8243;][tdb_header_menu main_sub_tdicon=\u00bbtd-icon-down\u00bb sub_tdicon=\u00bbtd-icon-right-arrow\u00bb mm_align_horiz=\u00bbcontent-horiz-center\u00bb modules_on_row_regular=\u00bb20%\u00bb modules_on_row_cats=\u00bb25%\u00bb image_size=\u00bbtd_324x400&#8243; modules_category=\u00bbimage\u00bb show_excerpt=\u00bbnone\u00bb show_com=\u00bbnone\u00bb show_date=\u00bbnone\u00bb show_author=\u00bbnone\u00bb mm_sub_align_horiz=\u00bbcontent-horiz-right\u00bb mm_elem_align_horiz=\u00bbcontent-horiz-right\u00bb menu_id=\u00bb59&#8243; align_horiz=\u00bbcontent-horiz-center\u00bb tds_menu_active=\u00bbtds_menu_active3&#8243; tdc_css=\u00bbeyJhbGwiOnsiZGlzcGxheSI6IiJ9LCJwaG9uZSI6eyJtYXJnaW4tdG9wIjoiMWVtIiwiZGlzcGxheSI6IiJ9LCJwaG9uZV9tYXhfd2lkdGgiOjc2N30=\u00bb f_elem_font_family=\u00bb394&#8243; tds_menu_active3-bg_color=\u00bb#ffffff\u00bb tds_menu_active3-border_radius=\u00bb5px 5px 0 0&#8243; elem_padd=\u00bbeyJwaG9uZSI6IjAgOHB4In0=\u00bb f_elem_font_size=\u00bbeyJwaG9uZSI6IjEyIn0=\u00bb f_elem_font_line_height=\u00bbeyJwaG9uZSI6IjMifQ==\u00bb][vc_column_text tdc_css=\u00bbeyJhbGwiOnsicGFkZGluZy10b3AiOiIxZW0iLCJwYWRkaW5nLXJpZ2h0IjoiMWVtIiwicGFkZGluZy1ib3R0b20iOiIxZW0iLCJwYWRkaW5nLWxlZnQiOiIxZW0iLCJib3JkZXItcmFkaXVzIjoiMTAiLCJiYWNrZ3JvdW5kLWNvbG9yIjoiI2ZmZmZmZiIsImRpc3BsYXkiOiIifX0=\u00bb f_h4_font_size=\u00bb17&#8243; f_h4_font_line_height=\u00bb1.2&#8243; f_post_font_family=\u00bb521&#8243; f_list_font_line_height=\u00bb1.2&#8243; f_post_font_line_height=\u00bb1.4&#8243; h_color=\u00bb#0097d6&#8243;]<\/p>\n<p><strong>Club A. Trebolense m. s y b.<\/strong>\u00a0invita al\u00a0\u00a0<strong>V TORNEO DE FUTBOL INFANTIL \u00abESTRELLAS DEL MA\u00d1ANA\u00bb 2024<\/strong>. Dicho evento se realizar\u00e1 los d\u00edas Viernes 1, S\u00e1bado 2 y\u00a0 Domingo\u00a0 3 de Marzo de 2024 en las categor\u00edas 2011\/2012\/2013\/2014 y 2015.<\/p>\n<h3><strong><u>CATEGOR\u00cdAS<\/u><\/strong><\/h3>\n<ul>\n<li><strong>Categor\u00eda A (2011)<\/strong> \u2013 Cancha oficial (11 jugadores con 7 suplentes), 2 tiempos de 20 minutos.<\/li>\n<li><strong>Categor\u00eda B (2012)<\/strong> \u2013 Cancha oficial (11 jugadores con 7 suplentes), 2 tiempos de 20 minutos.<\/li>\n<li><strong>Categor\u00eda C (2013)<\/strong> \u2013 Cancha reducida 60 x 40 mts (9 jugadores con 7 suplentes), 2 tiempos de 20\u00a0 minutos.<\/li>\n<li><strong>Categor\u00eda D (2014)<\/strong> \u2013 Cancha reducida 60 x 40mts \u00a0(9 jugadores con 7 suplentes), 2 tiempos de 20 minutos.<\/li>\n<li><strong>Categor\u00eda E (2015)<\/strong> \u2013 Cancha reducida 60 x 40 mts (9 jugadores con 7 suplentes), 2 tiempos de 15 minutos<\/li>\n<\/ul>\n<p>Cada equipo jugar\u00e1 m\u00ednimo 4 partidos. El formato de disputa de cada categor\u00eda se define en base a la cantidad de equipos inscriptos.<\/p>\n<h3><strong><u>PREMIOS<\/u><\/strong><\/h3>\n<p>Se repartir\u00e1n premios para todos los participantes, como tambi\u00e9n se premiar\u00e1n \u00a0a los 1eros y 2dos de Copa de Oro y 1ero y 2do de \u00a0Copa de Plata por cada categor\u00eda.<\/p>\n<h3><strong><u>SERVICIOS CON LA INSCRIPCI\u00d3N<\/u><\/strong><\/h3>\n<p>Se ofrece alojamiento gratuito a todas las delegaciones inscriptas al torneo (cuerpos t\u00e9cnicos y jugadores ). 4 partidos como m\u00ednimo, 10 canchas de primer nivel. Copa de Oro\u00a0 y Copa de Plata.<\/p>\n<p>El alojamiento para padres ser\u00e1 por fuera de la organizaci\u00f3n a excepci\u00f3n del camping del club, que deber\u00e1n reservar y habr\u00e1 cupos limitados y tendr\u00e1 costos por carpas.<\/p>\n<p>Servicio de Emergencia M\u00e9dica-Seguro deportivo a deportistas.<\/p>\n<h3><strong><u>COMIDAS<\/u><\/strong><\/h3>\n<p>Se ofrecer\u00e1 a los clubes las comidas a un costo accesible. . Los costos se definir\u00e1n en diciembre de 2023 y\/o\u00a0 enero 2024. Se solicita con antelaci\u00f3n. Ubic\u00e1ndose el sector gastron\u00f3mico en el gimnasio SUM de nuestra instituci\u00f3n<\/p>\n<h3><strong><u>PRE-INSCRIPCI\u00d3N<\/u><\/strong>\u00a0( Hasta diciembre 2023 )<\/h3>\n<p>Completando el formulario en la web<br \/>Via WhatsApp al tel\u00e9fono 03401\/526067<br \/>Email.\u00a0<a href=\"mailto:deportes@trebolense.com.ar\">deportes@trebolense.com.ar<\/a><\/p>\n<h3><strong><u>COSTOS DE INSCRIPCIONES<\/u><\/strong><\/h3>\n<ul>\n<li>1 equipo\u00a0\u00a0 $ 70.000<\/li>\n<li>2 equipos $ 130.000 ( $65.000 c\/equipo)<\/li>\n<li>3 equipos $ 180.000 ( $60.000 c\/equipo)<\/li>\n<li>4 equipos $ 220.000 ( $55.000 c\/equipo)<\/li>\n<\/ul>\n<h3><strong><u>CONFIRMACI\u00d3N DE INSCRIPCI\u00d3N<\/u><\/strong><\/h3>\n<p>Completar todo desde la pagina del club, al link del Torneo a\u00a0trav\u00e9s de transferencia bancaria.<\/p>\n<p><strong>Banco Coinag<\/strong><br \/>CBU\u00a0<strong>4310003742500000025279<\/strong><br \/>Alias\u00a0<strong>CLUB.CAT.COINAG<\/strong><br \/>CC N\u00b0 000300002527<br \/>CUIT 33-53209607-9<br \/>Raz\u00f3n Social: Club Atl\u00e9tico Trebolense M S y B<\/p>\n<p>[\/vc_column_text][\/vc_column][\/vc_row][\/tdc_zone]<\/p>\n","protected":false},"excerpt":{"rendered":"<p>[tdc_zone type=\u00bbtdc_content\u00bb][vc_row row_bg_gradient=\u00bbeyJ0eXBlIjoiZ3JhZGllbnQiLCJjb2xvcjEiOiIjMDA5N2Q2IiwiY29sb3IyIjoiIzAwNzliZiIsIm1peGVkQ29sb3JzIjpbXSwiY3NzIjoiYmFja2dyb3VuZDogLXdlYmtpdC1saW5lYXItZ3JhZGllbnQoMGRlZywjMDA3OWJmLCMwMDk3ZDYpO2JhY2tncm91bmQ6IGxpbmVhci1ncmFkaWVudCgwZGVnLCMwMDc5YmYsIzAwOTdkNik7IiwiY3NzUGFyYW1zIjoiMGRlZywjMDA3OWJmLCMwMDk3ZDYifQ==\u00bb full_width=\u00bbstretch_row\u00bb row_full_height=\u00bbyes\u00bb content_align_vertical=\u00bbcontent-vert-top\u00bb tdc_css=\u00bbeyJhbGwiOnsicGFkZGluZy10b3AiOiIxZW0iLCJwYWRkaW5nLWJvdHRvbSI6IjFlbSIsImRpc3BsYXkiOiIifSwicGhvbmUiOnsicGFkZGluZy10b3AiOiIwIiwicGFkZGluZy1ib3R0b20iOiIwIiwiZGlzcGxheSI6IiJ9LCJwaG9uZV9tYXhfd2lkdGgiOjc2N30=\u00bb][vc_column width=\u00bb1\/2&#8243; is_sticky=\u00bbyes\u00bb][tdm_block_inline_image image=\u00bb2485&#8243; media_size_image_height=\u00bb1336&#8243; media_size_image_width=\u00bb1064&#8243; shadow_shadow_size=\u00bb15&#8243; shadow_shadow_color=\u00bbrgba(0,0,0,0.5)\u00bb tdc_css=\u00bbeyJwaG9uZSI6eyJtYXJnaW4tcmlnaHQiOiItMjAiLCJtYXJnaW4tbGVmdCI6Ii0yMCIsImRpc3BsYXkiOiIifSwicGhvbmVfbWF4X3dpZHRoIjo3Njd9&#8243;][\/vc_column][vc_column width=\u00bb1\/2&#8243;][tdb_header_menu main_sub_tdicon=\u00bbtd-icon-down\u00bb sub_tdicon=\u00bbtd-icon-right-arrow\u00bb mm_align_horiz=\u00bbcontent-horiz-center\u00bb modules_on_row_regular=\u00bb20%\u00bb modules_on_row_cats=\u00bb25%\u00bb image_size=\u00bbtd_324x400&#8243; modules_category=\u00bbimage\u00bb show_excerpt=\u00bbnone\u00bb show_com=\u00bbnone\u00bb show_date=\u00bbnone\u00bb show_author=\u00bbnone\u00bb mm_sub_align_horiz=\u00bbcontent-horiz-right\u00bb mm_elem_align_horiz=\u00bbcontent-horiz-right\u00bb menu_id=\u00bb59&#8243; align_horiz=\u00bbcontent-horiz-center\u00bb tds_menu_active=\u00bbtds_menu_active3&#8243; tdc_css=\u00bbeyJhbGwiOnsiZGlzcGxheSI6IiJ9LCJwaG9uZSI6eyJtYXJnaW4tdG9wIjoiMWVtIiwiZGlzcGxheSI6IiJ9LCJwaG9uZV9tYXhfd2lkdGgiOjc2N30=\u00bb f_elem_font_family=\u00bb394&#8243; tds_menu_active3-bg_color=\u00bb#ffffff\u00bb tds_menu_active3-border_radius=\u00bb5px 5px 0 0&#8243; elem_padd=\u00bbeyJwaG9uZSI6IjAgOHB4In0=\u00bb f_elem_font_size=\u00bbeyJwaG9uZSI6IjEyIn0=\u00bb f_elem_font_line_height=\u00bbeyJwaG9uZSI6IjMifQ==\u00bb][vc_column_text tdc_css=\u00bbeyJhbGwiOnsicGFkZGluZy10b3AiOiIxZW0iLCJwYWRkaW5nLXJpZ2h0IjoiMWVtIiwicGFkZGluZy1ib3R0b20iOiIxZW0iLCJwYWRkaW5nLWxlZnQiOiIxZW0iLCJib3JkZXItcmFkaXVzIjoiMTAiLCJiYWNrZ3JvdW5kLWNvbG9yIjoiI2ZmZmZmZiIsImRpc3BsYXkiOiIifX0=\u00bb f_h4_font_size=\u00bb17&#8243; f_h4_font_line_height=\u00bb1.2&#8243; f_post_font_family=\u00bb521&#8243; f_list_font_line_height=\u00bb1.2&#8243; f_post_font_line_height=\u00bb1.4&#8243; h_color=\u00bb#0097d6&#8243;] Club A. Trebolense m. s y [&hellip;]<\/p>\n","protected":false},"author":1,"featured_media":0,"parent":0,"menu_order":0,"comment_status":"closed","ping_status":"closed","template":"","meta":{"footnotes":""},"class_list":["post-2546","page","type-page","status-publish","hentry"],"_links":{"self":[{"href":"https:\/\/trebolense.com.ar\/torneoestrellas\/wp-json\/wp\/v2\/pages\/2546","targetHints":{"allow":["GET"]}}],"collection":[{"href":"https:\/\/trebolense.com.ar\/torneoestrellas\/wp-json\/wp\/v2\/pages"}],"about":[{"href":"https:\/\/trebolense.com.ar\/torneoestrellas\/wp-json\/wp\/v2\/types\/page"}],"author":[{"embeddable":true,"href":"https:\/\/trebolense.com.ar\/torneoestrellas\/wp-json\/wp\/v2\/users\/1"}],"replies":[{"embeddable":true,"href":"https:\/\/trebolense.com.ar\/torneoestrellas\/wp-json\/wp\/v2\/comments?post=2546"}],"version-history":[{"count":22,"href":"https:\/\/trebolense.com.ar\/torneoestrellas\/wp-json\/wp\/v2\/pages\/2546\/revisions"}],"predecessor-version":[{"id":2596,"href":"https:\/\/trebolense.com.ar\/torneoestrellas\/wp-json\/wp\/v2\/pages\/2546\/revisions\/2596"}],"wp:attachment":[{"href":"https:\/\/trebolense.com.ar\/torneoestrellas\/wp-json\/wp\/v2\/media?parent=2546"}],"curies":[{"name":"wp","href":"https:\/\/api.w.org\/{rel}","templated":true}]}}